{"id":2,"date":"2022-03-22T14:40:11","date_gmt":"2022-03-22T11:40:11","guid":{"rendered":"https:\/\/finansman.ibb.istanbul\/en\/?page_id=2"},"modified":"2026-03-24T10:29:53","modified_gmt":"2026-03-24T07:29:53","slug":"our-project-supports","status":"publish","type":"page","link":"https:\/\/finansman.ibb.istanbul\/en\/our-project-supports\/","title":{"rendered":"OUR PROJECT SUPPORTS"},"content":{"rendered":"<div  class='flex_column av-8hjai-a94a6d01b973e9a963f60b3336d42792 av_one_third  avia-builder-el-0  el_before_av_one_third  avia-builder-el-first  first flex_column_div  '     ><p>\n<style type=\"text\/css\" data-created_by=\"avia_inline_auto\" id=\"style-css-av-l7ufyq20-5ef774b782f9600acc20609e779e0d86\">\n#top .av-special-heading.av-l7ufyq20-5ef774b782f9600acc20609e779e0d86{\npadding-bottom:10px;\n}\nbody .av-special-heading.av-l7ufyq20-5ef774b782f9600acc20609e779e0d86 .av-special-heading-tag .heading-char{\nfont-size:25px;\n}\n.av-special-heading.av-l7ufyq20-5ef774b782f9600acc20609e779e0d86 .av-subheading{\nfont-size:15px;\n}\n<\/style>\n<div  class='av-special-heading av-l7ufyq20-5ef774b782f9600acc20609e779e0d86 av-special-heading-h2 blockquote elegant-quote elegant-centered  avia-builder-el-1  el_before_av_table  avia-builder-el-first '><h2 class='av-special-heading-tag '  itemprop=\"headline\"  ><span class=\"heading-wrap\">Funded Projects<\/span><\/h2><div class=\"special-heading-border\"><div class=\"special-heading-inner-border\"><\/div><\/div><\/div><br \/>\n<div class='avia-data-table-wrap av-ubre-adf7d8b34807d5fbd27463ec4c7de59e avia_responsive_table avia-table-1'><table  class='avia-table avia-data-table avia_pricing_default  avia-builder-el-2  el_after_av_heading  avia-builder-el-last '  itemscope=\"itemscope\" itemtype=\"https:\/\/schema.org\/Table\" ><tbody><tr class=''><td class=''>4 Levent 1 Phase Metro Line Project<\/td><\/tr><tr class=''><td class=''>Solid Waste Plant Project<\/td><\/tr><tr class=''><td class=''>Fast Tram Project<\/td><\/tr><tr class=''><td class=''>Taksim Yenikap\u0131 Metro Line Project<\/p>\n<p><\/td><\/tr><tr class=''><td class=''>Procurement of 92 Number of Metro Cars<\/td><\/tr><tr class=''><td class=''>2 Number of Fast Ferry Supply Project<\/td><\/tr><tr class=''><td class=''>5 Number of Sea Busses Supply Project<\/td><\/tr><tr class=''><td class=''>2 ea.52 mt. Aerial Ladders Fire Equipment Supply Project<\/td><\/tr><tr class=''><td class=''>15 Number Narrow Space Fire Truck Supply Project<\/td><\/tr><tr class=''><td class=''>Supply of 8 ea. 24 mt. Hydraulic Fire Fighting Vehicles Project<\/td><\/tr><tr class=''><td class=''>15 Number First Responder Vehicle Supply<\/td><\/tr><tr class=''><td class=''>10 Number Ladder Fire Truck Supply Project<\/td><\/tr><tr class=''><td class=''>5 Number High System Hose Supply Project<\/td><\/tr><tr class=''><td class=''>45 Number Multi-Purpose Disaster Response and Rescue Vehicle Supply Project<br \/>\n<\/td><\/tr><tr class=''><td class=''>45 Number Disaster Fighting and Fire Extinguisher Vehicle Supply Project<\/td><\/tr><tr class=''><td class=''>10 Number of Robotic Fire Truck Supply Project<\/td><\/tr><tr class=''><td class=''>Procurement of 68 Number of Metro Cars Vehicle Project<\/td><\/tr><tr class=''><td class=''>Kad\u0131k\u00f6y Kartal Metro Line Project<br \/>\n<\/td><\/tr><tr class=''><td class=''>Procurement of 120 Number of Metro Vehicle Project<\/td><\/tr><tr class=''><td class=''>Hali\u00e7 Metro Crossing Brigde Project<\/td><\/tr><tr class=''><td class=''>Kartal Kaynarca Metro Line Project<br \/>\n<\/td><\/tr><tr class=''><td class=''>4 Levent Ayaza\u011fa Metro Line Project<\/td><\/tr><tr class=''><td class=''>Procurement of 70 Number of Metro Vehicle Project<\/td><\/tr><tr class=''><td class=''>\u00dcsk\u00fcdar \u00dcmraniye \u00c7ekmek\u00f6y Metro Line<\/td><\/tr><tr class=''><td class=''>World Bank Infrastructure Project<\/td><\/tr><tr class=''><td class=''>4. Levent \u00dcsk\u00fcdar \u00dcmraniye Metro Line Project<\/td><\/tr><tr class=''><td class=''>Mecidiyek\u00f6y-Mahmutbey (1. Phase) Metro Line Project<\/td><\/tr><tr class=''><td class=''>Mecidiyek\u00f6y-Mahmutbey (2. Phase) Metro Line Project<\/td><\/tr><tr class=''><td class=''>Kabata\u015f Mecidiyek\u00f6y Mahmutbey Metro Line Project<\/td><\/tr><tr class=''><td class=''>Atak\u00f6y \u0130kitelli Metro Line Project<\/td><\/tr><tr class=''><td class=''>126 Number of Metro Vehicle Supply Project<\/td><\/tr><tr class=''><td class=''>Waste Incineration and Energy Power Plant Project<\/td><\/tr><tr class=''><td class=''>Emin\u00f6n\u00fc Alibeyk\u00f6y Tram Line Project <\/td><\/tr><tr class=''><td class=''>Procurement of 24 Number of Metro Vehicle Project<\/td><\/tr><tr class=''><td class=''>Silivri Seymen Treatment Plant Work in The Landfill Site<\/td><\/tr><tr class=''><td class=''>Procurement of 100 Number of Metro Vehicle Project<\/td><\/tr><tr class=''><td class=''>Dudullu Bostanc\u0131 Metro Line Project<\/td><\/tr><tr class=''><td class=''>Road Construction and Asphalt Works Throughout Istanbul<\/td><\/tr><tr class=''><td class=''>Procurement of 300 Number of Metro Vehicle Project<\/td><\/tr><tr class=''><td class=''>\u00c7ekmek\u00f6y Sancaktepe Sultanbeyli Metro Line Project (Samand\u0131ra Center-Sultanbeyli Phase)<\/td><\/tr><tr class=''><td class=''>\u00dcmraniye Ata\u015fehir G\u00f6ztepe Metro Line Project<\/td><\/tr><\/tbody><\/table><\/div><\/p><\/div><div  class='flex_column av-8gopo-3456e7721ca873b1cec6cd6c817a43c7 av_one_third  avia-builder-el-3  el_after_av_one_third  el_before_av_one_third  flex_column_div  '     ><p>\n<style type=\"text\/css\" data-created_by=\"avia_inline_auto\" id=\"style-css-av-3vb34-0c8402ebbd327e1576074665d59504dd\">\n#top .av-special-heading.av-3vb34-0c8402ebbd327e1576074665d59504dd{\npadding-bottom:10px;\n}\nbody .av-special-heading.av-3vb34-0c8402ebbd327e1576074665d59504dd .av-special-heading-tag .heading-char{\nfont-size:25px;\n}\n.av-special-heading.av-3vb34-0c8402ebbd327e1576074665d59504dd .av-subheading{\nfont-size:15px;\n}\n<\/style>\n<div  class='av-special-heading av-3vb34-0c8402ebbd327e1576074665d59504dd av-special-heading-h2 blockquote elegant-quote elegant-centered  avia-builder-el-4  el_before_av_table  avia-builder-el-first '><h2 class='av-special-heading-tag '  itemprop=\"headline\"  ><span class=\"heading-wrap\">Projects with Financing Processes in Progress<\/span><\/h2><div class=\"special-heading-border\"><div class=\"special-heading-inner-border\"><\/div><\/div><\/div><br \/>\n<div class='avia-data-table-wrap av-8g7i8-3269174cf2013826ee40e66e17b624b6 avia_responsive_table avia-table-2'><table  class='avia-table avia-data-table avia_pricing_default  avia-builder-el-5  el_after_av_heading  avia-builder-el-last '  itemscope=\"itemscope\" itemtype=\"https:\/\/schema.org\/Table\" ><tbody><tr class=''><td class=''>Kaynarca Pendik Tuzla Metro Line Project<\/td><\/tr><tr class=''><td class=''>34 Number Domestic Tram Vehicle Production Project<\/td><\/tr><tr class=''><td class=''>Mahmutbey Bah\u00e7e\u015fehir Metro Line Project<\/td><\/tr><tr class=''><td class=''>Kirazl\u0131 Halkal\u0131 Metro Line Project<\/td><\/tr><tr class=''><td class=''>Kabata\u015f Mecidiyek\u00f6y Mahmutbey Metro Line Project (Y\u0131ld\u0131z-Kabata\u015f Phase)<\/td><\/tr><tr class=''><td class=''>Ey\u00fcpsultan Bayrampa\u015fa Tram Line Project<\/td><\/tr><tr class=''><td class=''>Atat\u00fcrk Bridge Reinforcement Project<\/td><\/tr><\/tbody><\/table><\/div><\/p><\/div><div  class='flex_column av-49x9w-78911d1b577999f57a19ff035be86da7 av_one_third  avia-builder-el-6  el_after_av_one_third  avia-builder-el-last  flex_column_div  '     ><p>\n<style type=\"text\/css\" data-created_by=\"avia_inline_auto\" id=\"style-css-av-l7ug1rd3-d41bb22575b7d0f4beefbba0661eb8d2\">\n#top .av-special-heading.av-l7ug1rd3-d41bb22575b7d0f4beefbba0661eb8d2{\npadding-bottom:10px;\n}\nbody .av-special-heading.av-l7ug1rd3-d41bb22575b7d0f4beefbba0661eb8d2 .av-special-heading-tag .heading-char{\nfont-size:25px;\n}\n.av-special-heading.av-l7ug1rd3-d41bb22575b7d0f4beefbba0661eb8d2 .av-subheading{\nfont-size:15px;\n}\n<\/style>\n<div  class='av-special-heading av-l7ug1rd3-d41bb22575b7d0f4beefbba0661eb8d2 av-special-heading-h2 blockquote elegant-quote elegant-centered  avia-builder-el-7  el_before_av_table  avia-builder-el-first '><h2 class='av-special-heading-tag '  itemprop=\"headline\"  ><span class=\"heading-wrap\">Planning Projects<\/span><\/h2><div class=\"special-heading-border\"><div class=\"special-heading-inner-border\"><\/div><\/div><\/div><br \/>\n<div class='avia-data-table-wrap av-47g9q-3b4b0a4a331a66c43a08c4948710dda9 avia_responsive_table avia-table-3'><table  class='avia-table avia-data-table avia_pricing_default  avia-builder-el-8  el_after_av_heading  avia-builder-el-last '  itemscope=\"itemscope\" itemtype=\"https:\/\/schema.org\/Table\" ><tbody><tr class=''><td class=''>Sefak\u00f6y Beylikd\u00fcz\u00fc T\u00fcyap Rail System Line Project<\/td><\/tr><tr class=''><td class=''>H\u0131zRay Fast Metro Line Project<\/td><\/tr><tr class=''><td class=''>K\u00f6m\u00fcrc\u00fcoda Waste Incineration and Energy Power Plant Project<\/td><\/tr><tr class=''><td class=''>Data Center Installation and Development Project<\/td><\/tr><tr class=''><td class=''>SECAP Energy Efficiency Project<\/td><\/tr><tr class=''><td class=''>Merter-Davutpa\u015fa Viaducts Reinforcement Project<\/td><\/tr><tr class=''><td class=''>Procurement of 136 Pieces of Metro Vehicle<\/td><\/tr><tr class=''><td class=''>Yenido\u011fan S\u00f6\u011f\u00fctl\u00fc\u00e7e\u015fme Metro Line Project<\/td><\/tr><tr class=''><td class=''>Dolmabah\u00e7e Levaz\u0131m Armutlu Highway Tunnels Project<\/td><\/tr><tr class=''><td class=''>Fire Fighting and Natural Disaster Fighting Vehicles and Equipment Purchase Project<\/td><\/tr><tr class=''><td class=''>\u00dcsk\u00fcdar Kad\u0131k\u00f6y Maltepe Tram Line Project<\/td><\/tr><\/tbody><\/table><\/div><\/p><\/div><\/p>\n","protected":false},"excerpt":{"rendered":"","protected":false},"author":5,"featured_media":0,"parent":0,"menu_order":0,"comment_status":"closed","ping_status":"closed","template":"","meta":{"footnotes":""},"categories":[],"tags":[],"class_list":["post-2","page","type-page","status-publish","format-standard","hentry"],"_links":{"self":[{"href":"https:\/\/finansman.ibb.istanbul\/en\/wp-json\/wp\/v2\/pages\/2","targetHints":{"allow":["GET"]}}],"collection":[{"href":"https:\/\/finansman.ibb.istanbul\/en\/wp-json\/wp\/v2\/pages"}],"about":[{"href":"https:\/\/finansman.ibb.istanbul\/en\/wp-json\/wp\/v2\/types\/page"}],"author":[{"embeddable":true,"href":"https:\/\/finansman.ibb.istanbul\/en\/wp-json\/wp\/v2\/users\/5"}],"replies":[{"embeddable":true,"href":"https:\/\/finansman.ibb.istanbul\/en\/wp-json\/wp\/v2\/comments?post=2"}],"version-history":[{"count":32,"href":"https:\/\/finansman.ibb.istanbul\/en\/wp-json\/wp\/v2\/pages\/2\/revisions"}],"predecessor-version":[{"id":3403,"href":"https:\/\/finansman.ibb.istanbul\/en\/wp-json\/wp\/v2\/pages\/2\/revisions\/3403"}],"wp:attachment":[{"href":"https:\/\/finansman.ibb.istanbul\/en\/wp-json\/wp\/v2\/media?parent=2"}],"wp:term":[{"taxonomy":"category","embeddable":true,"href":"https:\/\/finansman.ibb.istanbul\/en\/wp-json\/wp\/v2\/categories?post=2"},{"taxonomy":"post_tag","embeddable":true,"href":"https:\/\/finansman.ibb.istanbul\/en\/wp-json\/wp\/v2\/tags?post=2"}],"curies":[{"name":"wp","href":"https:\/\/api.w.org\/{rel}","templated":true}]}}