{"id":196,"date":"2022-05-17T14:43:45","date_gmt":"2022-05-17T11:43:45","guid":{"rendered":"https:\/\/finansman.ibb.istanbul\/en\/?page_id=196"},"modified":"2025-09-29T14:11:08","modified_gmt":"2025-09-29T11:11:08","slug":"contact","status":"publish","type":"page","link":"https:\/\/finansman.ibb.istanbul\/en\/contact\/","title":{"rendered":"CONTACT"},"content":{"rendered":"<div id='av-layout-grid-1'  class='av-layout-grid-container av-j8lsk-b29c6268a59ada09f76ef32aa9947752 entry-content-wrapper main_color av-flex-cells  avia-builder-el-0  avia-builder-el-no-sibling   container_wrap sidebar_right'  >\n<div class='flex_cell av-gpu1o-81f44fb254e11bae6988d4e47bc66f26 av-gridrow-cell av_one_half no_margin  avia-builder-el-1  el_before_av_cell_one_half  avia-builder-el-first '  ><div class='flex_cell_inner'><p>\n<style type=\"text\/css\" data-created_by=\"avia_inline_auto\" id=\"style-css-av-l7adjfas-c1ebfc15bfe5eab3a88f0dba2c0f02c2\">\n#top .av-special-heading.av-l7adjfas-c1ebfc15bfe5eab3a88f0dba2c0f02c2{\npadding-bottom:10px;\n}\nbody .av-special-heading.av-l7adjfas-c1ebfc15bfe5eab3a88f0dba2c0f02c2 .av-special-heading-tag .heading-char{\nfont-size:25px;\n}\n.av-special-heading.av-l7adjfas-c1ebfc15bfe5eab3a88f0dba2c0f02c2 .av-subheading{\nfont-size:15px;\n}\n<\/style>\n<div  class='av-special-heading av-l7adjfas-c1ebfc15bfe5eab3a88f0dba2c0f02c2 av-special-heading-h2  avia-builder-el-2  el_before_av_iconlist  avia-builder-el-first '><h2 class='av-special-heading-tag '  itemprop=\"headline\"  >Address<\/h2><div class=\"special-heading-border\"><div class=\"special-heading-inner-border\"><\/div><\/div><\/div><br \/>\n\n<style type=\"text\/css\" data-created_by=\"avia_inline_auto\" id=\"style-css-av-l7admw7y-2beac0f8ed6c27181019dc5e540d3683\">\n#top .avia-icon-list-container.av-l7admw7y-2beac0f8ed6c27181019dc5e540d3683 .iconlist_icon{\ncolor:#ffffff;\nbackground-color:#003d7f;\n}\n#top .avia-icon-list-container.av-l7admw7y-2beac0f8ed6c27181019dc5e540d3683 .iconlist_icon svg:first-child{\nstroke:#ffffff;\nfill:#ffffff;\n}\n<\/style>\n<div  class='avia-icon-list-container av-l7admw7y-2beac0f8ed6c27181019dc5e540d3683  avia-builder-el-3  el_after_av_heading  avia-builder-el-last '><ul class='avia-icon-list avia_animate_when_almost_visible avia-icon-list-left av-iconlist-big av-l7admw7y-2beac0f8ed6c27181019dc5e540d3683 avia-iconlist-animate'>\n<li><div class='iconlist_icon av-l7adlm96-b0a0eeb77c01c595794bd4167a1e4921 avia-font-entypo-fontello avia-iconfont avia-font-entypo-fontello'><span class='av-icon-char' data-av_icon='\ue842' data-av_iconfont='entypo-fontello' aria-hidden=\"true\"><\/span><\/div><article class=\"article-icon-entry \"  itemscope=\"itemscope\" itemtype=\"https:\/\/schema.org\/CreativeWork\" ><div class=\"iconlist_content_wrap\"><header class=\"entry-content-header\" aria-label=\"Icon: Address\"><h4 class='av_iconlist_title iconlist_title  '  itemprop=\"headline\" >Address<\/h4><\/header><div class='iconlist_content '  itemprop=\"text\" ><p>\u0130stanbul B\u00fcy\u00fck\u015fehir Belediye Ba\u015fkanl\u0131\u011f\u0131, Osmaniye Mahallesi \u00c7oban\u00e7e\u015fme Ko\u015fuyolu Bulvar\u0131 No:5 Kat:4 34568<\/p>\n<p>Bak\u0131rk\u00f6y\/\u0130STANBUL\/TURK\u0130YE<\/p>\n<\/div><\/div><footer class=\"entry-footer\"><\/footer><\/article><div class=\"iconlist-timeline\"><\/div><\/li>\n<li><div class='iconlist_icon av-l7ae5jwq-1274634a80292600e58ae196fd709764 avia-font-entypo-fontello avia-iconfont avia-font-entypo-fontello'><span class='av-icon-char' data-av_icon='\ue854' data-av_iconfont='entypo-fontello' aria-hidden=\"true\"><\/span><\/div><article class=\"article-icon-entry \"  itemscope=\"itemscope\" itemtype=\"https:\/\/schema.org\/CreativeWork\" ><div class=\"iconlist_content_wrap\"><header class=\"entry-content-header\" aria-label=\"Icon: Phone\"><h4 class='av_iconlist_title iconlist_title  '  itemprop=\"headline\" >Phone<\/h4><\/header><div class='iconlist_content '  itemprop=\"text\" ><p>+90 212 449 4070<\/p>\n<\/div><\/div><footer class=\"entry-footer\"><\/footer><\/article><div class=\"iconlist-timeline\"><\/div><\/li>\n<li><div class='iconlist_icon av-l7ae6enw-20c139313d7d60b608198522c09a248e avia-font-entypo-fontello avia-iconfont avia-font-entypo-fontello'><span class='av-icon-char' data-av_icon='\ue838' data-av_iconfont='entypo-fontello' aria-hidden=\"true\"><\/span><\/div><article class=\"article-icon-entry \"  itemscope=\"itemscope\" itemtype=\"https:\/\/schema.org\/CreativeWork\" ><div class=\"iconlist_content_wrap\"><header class=\"entry-content-header\" aria-label=\"Icon: Fax\"><h4 class='av_iconlist_title iconlist_title  '  itemprop=\"headline\" >Fax<\/h4><\/header><div class='iconlist_content '  itemprop=\"text\" ><p>+90 212 449 4127<\/p>\n<\/div><\/div><footer class=\"entry-footer\"><\/footer><\/article><div class=\"iconlist-timeline\"><\/div><\/li>\n<\/ul><\/div><\/p>\n<\/div><\/div><div class='flex_cell av-76q70-bc5145da63597073424f2b2bc4fb1fd0 av-gridrow-cell av_one_half no_margin  avia-builder-el-4  el_after_av_cell_one_half  avia-builder-el-last '  ><div class='flex_cell_inner'><section  class='av_textblock_section av-l7aeb7br-a396616aaa695b2ef5d0f0da186b45f7 '   itemscope=\"itemscope\" itemtype=\"https:\/\/schema.org\/CreativeWork\" ><div class='avia_textblock'  itemprop=\"text\" ><\/div><\/section>\n<\/div><\/div><\/div>\n","protected":false},"excerpt":{"rendered":"","protected":false},"author":5,"featured_media":0,"parent":0,"menu_order":0,"comment_status":"closed","ping_status":"closed","template":"","meta":{"footnotes":""},"categories":[],"tags":[],"class_list":["post-196","page","type-page","status-publish","format-standard","hentry"],"_links":{"self":[{"href":"https:\/\/finansman.ibb.istanbul\/en\/wp-json\/wp\/v2\/pages\/196","targetHints":{"allow":["GET"]}}],"collection":[{"href":"https:\/\/finansman.ibb.istanbul\/en\/wp-json\/wp\/v2\/pages"}],"about":[{"href":"https:\/\/finansman.ibb.istanbul\/en\/wp-json\/wp\/v2\/types\/page"}],"author":[{"embeddable":true,"href":"https:\/\/finansman.ibb.istanbul\/en\/wp-json\/wp\/v2\/users\/5"}],"replies":[{"embeddable":true,"href":"https:\/\/finansman.ibb.istanbul\/en\/wp-json\/wp\/v2\/comments?post=196"}],"version-history":[{"count":10,"href":"https:\/\/finansman.ibb.istanbul\/en\/wp-json\/wp\/v2\/pages\/196\/revisions"}],"predecessor-version":[{"id":3131,"href":"https:\/\/finansman.ibb.istanbul\/en\/wp-json\/wp\/v2\/pages\/196\/revisions\/3131"}],"wp:attachment":[{"href":"https:\/\/finansman.ibb.istanbul\/en\/wp-json\/wp\/v2\/media?parent=196"}],"wp:term":[{"taxonomy":"category","embeddable":true,"href":"https:\/\/finansman.ibb.istanbul\/en\/wp-json\/wp\/v2\/categories?post=196"},{"taxonomy":"post_tag","embeddable":true,"href":"https:\/\/finansman.ibb.istanbul\/en\/wp-json\/wp\/v2\/tags?post=196"}],"curies":[{"name":"wp","href":"https:\/\/api.w.org\/{rel}","templated":true}]}}